{"id":135,"date":"2019-01-18T14:35:29","date_gmt":"2019-01-18T12:35:29","guid":{"rendered":"http:\/\/localhost\/?page_id=135"},"modified":"2024-04-06T11:19:17","modified_gmt":"2024-04-06T09:19:17","slug":"inici","status":"publish","type":"page","link":"https:\/\/www.gotes.org\/","title":{"rendered":"Inici"},"content":{"rendered":"<div id=\"pl-135\"  class=\"panel-layout\" ><div id=\"pg-135-0\"  class=\"panel-grid panel-has-style\" ><div class=\"siteorigin-panels-stretch panel-row-style panel-row-style-for-135-0\" data-stretch-type=\"full-width-stretch\" ><div id=\"pgc-135-0-0\"  class=\"panel-grid-cell\" ><div id=\"panel-135-0-0-0\" class=\"so-panel widget widget_sow-hero panel-first-child panel-last-child\" data-index=\"0\" ><div\n\t\t\t\n\t\t\tclass=\"so-widget-sow-hero so-widget-sow-hero-default-598092c23a0e-135 so-widget-fittext-wrapper\"\n\t\t\t data-fit-text-compressor=\"0.6\"\n\t\t>\t\t\t\t<div class=\"sow-slider-base\" style=\"display: none\" tabindex=\"0\">\n\t\t\t\t\t<ul\n\t\t\t\t\tclass=\"sow-slider-images\"\n\t\t\t\t\tdata-settings=\"{&quot;pagination&quot;:true,&quot;speed&quot;:800,&quot;timeout&quot;:8000,&quot;paused&quot;:false,&quot;pause_on_hover&quot;:false,&quot;swipe&quot;:true,&quot;nav_always_show_desktop&quot;:&quot;&quot;,&quot;nav_always_show_mobile&quot;:&quot;&quot;,&quot;breakpoint&quot;:&quot;780px&quot;,&quot;unmute&quot;:false,&quot;anchor&quot;:null}\"\n\t\t\t\t\t\t\t\t\t\tdata-anchor-id=\"\"\n\t\t\t\t>\t\t<li class=\"sow-slider-image  sow-slider-image-cover\" style=\"visibility: visible;;background-color: #0a0a0a;background-image: url(https:\/\/www.gotes.org\/wp-content\/uploads\/2019\/01\/header.jpg)\" >\n\t\t\t\t\t<div class=\"sow-slider-image-container\">\n\t\t\t<div class=\"sow-slider-image-wrapper\">\n\t\t\t\t<h1 class=\"title\" style=\"text-align: center\">Internet all\u00e0 on siguis<\/h1>\n<p style=\"text-align: center\"><span style=\"font-size: large\">Internet i Wifi a finques, olivars i cases rurals de la Vall de S\u00f3ller amb <a href=\"#about\">Guifi.net<\/a><\/span><\/p>\n<p style=\"text-align: center\"><span style=\"font-size: large\">Tamb\u00e9 promovem projectes com <a href=\"https:\/\/aire.net\">Aire.net<\/a><\/span><\/p>\n&nbsp;\n<div class=\"sow-hero-buttons\" style=\"text-align: center\"><div\n\t\t\t\n\t\t\tclass=\"so-widget-sow-button so-widget-sow-button-flat-ccfcde259564\"\n\t\t\t\n\t\t><div class=\"ow-button-base ow-button-align-center\">\n\t<a\n\thref=\"#contact\"\n\t\tclass=\"ow-icon-placement-top ow-button-hover\" \t>\n\t\t<span>\n\t\t\t\n\t\t\tDONA'T D'ALTA\t\t<\/span>\n\t<\/a>\n<\/div>\n<\/div><\/div>\n&nbsp;\n<p style=\"text-align: center\"><\/p>\t\t\t<\/div>\n\t\t<\/div>\n\t\t\t\t<\/li>\n\t\t<\/ul>\t\t\t\t<ol class=\"sow-slider-pagination\">\n\t\t\t\t\t\t\t\t\t\t\t<li><a href=\"#\" data-goto=\"0\" aria-label=\"display slide 1\"><\/a><\/li>\n\t\t\t\t\t\t\t\t\t<\/ol>\n\n\t\t\t\t<div class=\"sow-slide-nav sow-slide-nav-next\">\n\t\t\t\t\t<a href=\"#\" data-goto=\"next\" aria-label=\"next slide\" data-action=\"next\">\n\t\t\t\t\t\t<em class=\"sow-sld-icon-thin-right\"><\/em>\n\t\t\t\t\t<\/a>\n\t\t\t\t<\/div>\n\n\t\t\t\t<div class=\"sow-slide-nav sow-slide-nav-prev\">\n\t\t\t\t\t<a href=\"#\" data-goto=\"previous\" aria-label=\"previous slide\" data-action=\"prev\">\n\t\t\t\t\t\t<em class=\"sow-sld-icon-thin-left\"><\/em>\n\t\t\t\t\t<\/a>\n\t\t\t\t<\/div>\n\t\t\t\t<\/div><\/div><\/div><\/div><\/div><\/div><div id=\"pg-135-1\"  class=\"panel-grid panel-has-style\" ><div class=\"siteorigin-panels-stretch panel-row-style panel-row-style-for-135-1\" data-stretch-type=\"full\" ><div id=\"pgc-135-1-0\"  class=\"panel-grid-cell\" ><div id=\"panel-135-1-0-0\" class=\"so-panel widget widget_siteorigin-panels-builder panel-first-child panel-last-child\" data-index=\"1\" ><div id=\"features\" class=\"panel-widget-style panel-widget-style-for-135-1-0-0\" ><div id=\"pl-w6270cf297e16e\"  class=\"panel-layout\" ><div id=\"pg-w6270cf297e16e-0\"  class=\"panel-grid panel-no-style\" ><div id=\"pgc-w6270cf297e16e-0-0\"  class=\"panel-grid-cell\" ><div id=\"panel-w6270cf297e16e-0-0-0\" class=\"so-panel widget widget_sow-features panel-first-child panel-last-child\" data-index=\"0\" ><div class=\"panel-widget-style panel-widget-style-for-w6270cf297e16e-0-0-0\" ><div\n\t\t\t\n\t\t\tclass=\"so-widget-sow-features so-widget-sow-features-default-bfb04ccaf10a\"\n\t\t\t\n\t\t>\n<div class=\"sow-features-list sow-features-responsive\">\n\n\t\t\t\t\t\t\t\t\t<div\n\t\t\t\tclass=\"sow-features-feature sow-icon-container-position-right\"\n\t\t\t\tstyle=\"display: flex; flex-direction: row; width: calc(50% - 25px);\"\n\t\t\t>\n\t\t\t\n\t\t\t\t\t\t\t\t<div\n\t\t\t\t\tclass=\"sow-icon-container sow-container-sticker\"\n\t\t\t\t\tstyle=\"color: #ffffff; \"\n\t\t\t\t\ttitle=\"fa-euro\"\t\t\t\t>\n\t\t\t\t\t<span class=\"sow-icon-fontawesome sow-fas\" data-sow-icon=\"&#xf153;\"\n\t\tstyle=\"font-size: 48px; color: #5b5b5b\" \n\t\taria-hidden=\"true\"><\/span>\t\t\t\t<\/div>\n\t\t\t\t\n\t\t\t\t<div class=\"textwidget\">\n\t\t\t\t\t\n\t\t\t\t\t\t\t\t\t\t\t<h5>\n\t\t\t\t\t\t\t\n\t\t\t\t\t\t\tTarifa b\u00e0sica\t\t\t\t\t\t\t\t\t\t\t\t\t<\/h5>\n\t\t\t\t\t\n\t\t\t\t\t\t\t\t\t\t\t<p style=\"text-align: left\">Internet rural a <strong>15Mbps<\/strong> de baixada sense complicacions! Per nom\u00e9s <strong>30\u20ac\/mes<\/strong>. (IVA incl\u00f2s)<\/p>\n<p style=\"text-align: left\"><em>El preu de l'alta i l'instalaci\u00f3 dep\u00e9n al treball a realitzar.<\/em><\/p>\n\t\t\t\t\t\n\t\t\t\t\t\t\t\t\t<\/div>\n\t\t\t\t\t\t\t\t\n\t\t\t\t\t\t\t<\/div>\n\n\t\t\t\t\t\t\t\t<div\n\t\t\t\tclass=\"sow-features-feature sow-icon-container-position-right\"\n\t\t\t\tstyle=\"display: flex; flex-direction: row; width: calc(50% - 25px);\"\n\t\t\t>\n\t\t\t\n\t\t\t\t\t\t\t\t<div\n\t\t\t\t\tclass=\"sow-icon-container sow-container-sticker\"\n\t\t\t\t\tstyle=\"color: #ffffff; \"\n\t\t\t\t\t\t\t\t\t>\n\t\t\t\t\t<span class=\"sow-icon-icomoon\" data-sow-icon=\"&#xe91b;\"\n\t\tstyle=\"font-size: 48px; color: #5b5b5b\" \n\t\taria-hidden=\"true\"><\/span>\t\t\t\t<\/div>\n\t\t\t\t\n\t\t\t\t<div class=\"textwidget\">\n\t\t\t\t\t\n\t\t\t\t\t\t\t\t\t\t\t<h5>\n\t\t\t\t\t\t\t\n\t\t\t\t\t\t\tTarifa premium\t\t\t\t\t\t\t\t\t\t\t\t\t<\/h5>\n\t\t\t\t\t\n\t\t\t\t\t\t\t\t\t\t\t<p>El millor Internet per a usuaris exigents amb <strong>30Mbps<\/strong> de baixada. Per nom\u00e9s <strong>39\u20ac\/mes.<\/strong> (IVA incl\u00f2s)<strong><br \/>\n<\/strong><\/p>\n<p><em>El preu de l'alta i l'instalaci\u00f3 dep\u00e9n al treball a realitzar.<\/em><\/p>\n\t\t\t\t\t\n\t\t\t\t\t\t\t\t\t<\/div>\n\t\t\t\t\t\t\t\t\n\t\t\t\t\t\t\t<\/div>\n\n\t\t\t\n<\/div>\n<\/div><\/div><\/div><\/div><\/div><div id=\"pg-w6270cf297e16e-1\"  class=\"panel-grid panel-no-style\" ><div id=\"pgc-w6270cf297e16e-1-0\"  class=\"panel-grid-cell\" ><div id=\"panel-w6270cf297e16e-1-0-0\" class=\"so-panel widget widget_sow-features panel-first-child panel-last-child\" data-index=\"1\" ><div class=\"so-parallax panel-widget-style panel-widget-style-for-w6270cf297e16e-1-0-0\" ><img fetchpriority=\"high\" decoding=\"async\" width=\"2480\" height=\"886\" src=\"https:\/\/www.gotes.org\/wp-content\/uploads\/2019\/09\/lloguervac.jpg\" class=\"attachment-full size-full\" alt=\"\" data-siteorigin-parallax=\"true\" loading=\"eager\" srcset=\"https:\/\/www.gotes.org\/wp-content\/uploads\/2019\/09\/lloguervac.jpg 2480w, https:\/\/www.gotes.org\/wp-content\/uploads\/2019\/09\/lloguervac-300x107.jpg 300w, https:\/\/www.gotes.org\/wp-content\/uploads\/2019\/09\/lloguervac-768x274.jpg 768w, https:\/\/www.gotes.org\/wp-content\/uploads\/2019\/09\/lloguervac-1024x366.jpg 1024w\" sizes=\"(max-width: 2480px) 100vw, 2480px\" \/><div\n\t\t\t\n\t\t\tclass=\"so-widget-sow-features so-widget-sow-features-default-3947a1ea3b39\"\n\t\t\t\n\t\t>\n<div class=\"sow-features-list sow-features-responsive\">\n\n\t\t\t\t\t\t\t\t\t<div\n\t\t\t\tclass=\"sow-features-feature sow-icon-container-position-right\"\n\t\t\t\tstyle=\"display: flex; flex-direction: row; width: calc(100% - 25px);\"\n\t\t\t>\n\t\t\t\n\t\t\t\t\t\t\t\t<div\n\t\t\t\t\tclass=\"sow-icon-container sow-container-sticker\"\n\t\t\t\t\tstyle=\"color: #ffffff; \"\n\t\t\t\t\ttitle=\"fa-euro\"\t\t\t\t>\n\t\t\t\t\t<span class=\"sow-icon-icomoon\" data-sow-icon=\"&#xe900;\"\n\t\tstyle=\"font-size: 48px; color: #5b5b5b\" \n\t\taria-hidden=\"true\"><\/span>\t\t\t\t<\/div>\n\t\t\t\t\n\t\t\t\t<div class=\"textwidget\">\n\t\t\t\t\t\n\t\t\t\t\t\n\t\t\t\t\t\t\t\t\t\t\t<h3><span style=\"color: #ffffff\">Oferta especial per a lloguer vacacional<\/span><\/h3>\n<p style=\"text-align: left\">Paga nom\u00e9s els mesos que el necessitis sense cap sobrecost!<\/p>\n\t\t\t\t\t\n\t\t\t\t\t\t\t\t\t<\/div>\n\t\t\t\t\t\t\t\t\n\t\t\t\t\t\t\t<\/div>\n\n\t\t\t\n<\/div>\n<\/div><\/div><\/div><\/div><\/div><\/div><\/div><\/div><\/div><\/div><\/div><div id=\"pg-135-2\"  class=\"panel-grid panel-has-style\" ><div class=\"panel-row-style panel-row-style-for-135-2\" ><div id=\"pgc-135-2-0\"  class=\"panel-grid-cell\" ><div class=\"panel-cell-style panel-cell-style-for-135-2-0\" ><div id=\"panel-135-2-0-0\" class=\"so-panel widget widget_siteorigin-panels-builder panel-first-child panel-last-child\" data-index=\"2\" ><div id=\"features\" class=\"panel-widget-style panel-widget-style-for-135-2-0-0\" ><div id=\"pl-w5c48f84f32464\"  class=\"panel-layout\" ><div id=\"pg-w5c48f84f32464-0\"  class=\"panel-grid panel-has-style\" ><div class=\"panel-row-style panel-row-style-for-w5c48f84f32464-0\" ><div id=\"pgc-w5c48f84f32464-0-0\"  class=\"panel-grid-cell\" ><div class=\"panel-cell-style panel-cell-style-for-w5c48f84f32464-0-0\" ><div id=\"panel-w5c48f84f32464-0-0-0\" class=\"so-panel widget widget_sow-headline panel-first-child panel-last-child\" data-index=\"0\" ><div\n\t\t\t\n\t\t\tclass=\"so-widget-sow-headline so-widget-sow-headline-default-9e6310f335a5\"\n\t\t\t\n\t\t><div class=\"sow-headline-container \">\n\t\t\t\t\t\t\t<h1 class=\"sow-headline\">\n\t\t\t\t\t\tPer qu\u00e8 Internet amb nosaltres?\t\t\t\t\t\t<\/h1>\n\t\t\t\t\t\t\t\t\t\t\t<div class=\"decoration\">\n\t\t\t\t\t\t<div class=\"decoration-inside\"><\/div>\n\t\t\t\t\t<\/div>\n\t\t\t\t\t\t\t\t\t\t\t<h3 class=\"sow-sub-headline\">\n\t\t\t\t\t\tLa connexi\u00f3 a internet de Gotes.org \u00e9s ideal per zones on els operadors tradicionals de fibra o telefonia no arriben. Som la millor alternativa en velocitat i preu!\t\t\t\t\t\t<\/h3>\n\t\t\t\t\t\t<\/div>\n<\/div><\/div><\/div><\/div><\/div><\/div><div id=\"pg-w5c48f84f32464-1\"  class=\"panel-grid panel-no-style\" ><div id=\"pgc-w5c48f84f32464-1-0\"  class=\"panel-grid-cell\" ><div id=\"panel-w5c48f84f32464-1-0-0\" class=\"so-panel widget widget_sow-features panel-first-child panel-last-child\" data-index=\"1\" ><div class=\"panel-widget-style panel-widget-style-for-w5c48f84f32464-1-0-0\" ><div\n\t\t\t\n\t\t\tclass=\"so-widget-sow-features so-widget-sow-features-default-2e431865f2fa\"\n\t\t\t\n\t\t>\n<div class=\"sow-features-list sow-features-responsive\">\n\n\t\t\t\t\t\t\t\t\t<div\n\t\t\t\tclass=\"sow-features-feature sow-icon-container-position-top\"\n\t\t\t\tstyle=\"display: flex; flex-direction: column; width: calc(100% - 25px);\"\n\t\t\t>\n\t\t\t\n\t\t\t\t\t\t\t\t<div\n\t\t\t\t\tclass=\"sow-icon-container sow-container-round\"\n\t\t\t\t\tstyle=\"color: #ffffff; \"\n\t\t\t\t\ttitle=\"fa-balance-scale\"\t\t\t\t>\n\t\t\t\t\t<span class=\"sow-icon-fontawesome sow-fas\" data-sow-icon=\"&#xf24e;\"\n\t\tstyle=\"font-size: 48px; color: #ff3200\" \n\t\taria-hidden=\"true\"><\/span>\t\t\t\t<\/div>\n\t\t\t\t\n\t\t\t\t<div class=\"textwidget\">\n\t\t\t\t\t\n\t\t\t\t\t\t\t\t\t\t\t<h5>\n\t\t\t\t\t\t\t\n\t\t\t\t\t\t\tXarxa de comuns\t\t\t\t\t\t\t\t\t\t\t\t\t<\/h5>\n\t\t\t\t\t\n\t\t\t\t\t\t\t\t\t\t\t<p>A Gotes.org apostam per desenvolupar una infraestructura de telecomunicacions transparent, oberta i sostenible.<\/p>\n\t\t\t\t\t\n\t\t\t\t\t\t\t\t\t<\/div>\n\t\t\t\t\t\t\t\t\n\t\t\t\t\t\t\t<\/div>\n\n\t\t\t\n<\/div>\n<\/div><\/div><\/div><\/div><div id=\"pgc-w5c48f84f32464-1-1\"  class=\"panel-grid-cell\" ><div class=\"panel-cell-style panel-cell-style-for-w5c48f84f32464-1-1\" ><div id=\"panel-w5c48f84f32464-1-1-0\" class=\"so-panel widget widget_sow-features panel-first-child panel-last-child\" data-index=\"2\" ><div class=\"panel-widget-style panel-widget-style-for-w5c48f84f32464-1-1-0\" ><div\n\t\t\t\n\t\t\tclass=\"so-widget-sow-features so-widget-sow-features-default-2e431865f2fa\"\n\t\t\t\n\t\t>\n<div class=\"sow-features-list sow-features-responsive\">\n\n\t\t\t\t\t\t\t\t\t<div\n\t\t\t\tclass=\"sow-features-feature sow-icon-container-position-top\"\n\t\t\t\tstyle=\"display: flex; flex-direction: column; width: calc(100% - 25px);\"\n\t\t\t>\n\t\t\t\n\t\t\t\t\t\t\t\t<div\n\t\t\t\t\tclass=\"sow-icon-container sow-container-round\"\n\t\t\t\t\tstyle=\"color: #ffffff; \"\n\t\t\t\t\ttitle=\"fa-user\"\t\t\t\t>\n\t\t\t\t\t<span class=\"sow-icon-fontawesome sow-fas\" data-sow-icon=\"&#xf007;\"\n\t\tstyle=\"font-size: 48px; color: #5180fb\" \n\t\taria-hidden=\"true\"><\/span>\t\t\t\t<\/div>\n\t\t\t\t\n\t\t\t\t<div class=\"textwidget\">\n\t\t\t\t\t\n\t\t\t\t\t\t\t\t\t\t\t<h5>\n\t\t\t\t\t\t\t\n\t\t\t\t\t\t\tInternet local i cooperatiu\t\t\t\t\t\t\t\t\t\t\t\t\t<\/h5>\n\t\t\t\t\t\n\t\t\t\t\t\t\t\t\t\t\t<div class=\"col-xs-12 col-md-4 feature-box\">\n<div class=\"hestia-info\">\n\nGotes.org som una cooperativa sollerica de proximitat. Parlar\u00e0s amb persones i no amb m\u00e0quines.\n\n<\/div>\n<\/div>\t\t\t\t\t\n\t\t\t\t\t\t\t\t\t<\/div>\n\t\t\t\t\t\t\t\t\n\t\t\t\t\t\t\t<\/div>\n\n\t\t\t\n<\/div>\n<\/div><\/div><\/div><\/div><\/div><div id=\"pgc-w5c48f84f32464-1-2\"  class=\"panel-grid-cell\" ><div id=\"panel-w5c48f84f32464-1-2-0\" class=\"so-panel widget widget_sow-features panel-first-child panel-last-child\" data-index=\"3\" ><div class=\"panel-widget-style panel-widget-style-for-w5c48f84f32464-1-2-0\" ><div\n\t\t\t\n\t\t\tclass=\"so-widget-sow-features so-widget-sow-features-default-2e431865f2fa\"\n\t\t\t\n\t\t>\n<div class=\"sow-features-list sow-features-responsive\">\n\n\t\t\t\t\t\t\t\t\t<div\n\t\t\t\tclass=\"sow-features-feature sow-icon-container-position-top\"\n\t\t\t\tstyle=\"display: flex; flex-direction: column; width: calc(100% - 25px);\"\n\t\t\t>\n\t\t\t\n\t\t\t\t\t\t\t\t<div\n\t\t\t\t\tclass=\"sow-icon-container sow-container-round\"\n\t\t\t\t\tstyle=\"color: #ffffff; \"\n\t\t\t\t\ttitle=\"fa-wrench\"\t\t\t\t>\n\t\t\t\t\t<span class=\"sow-icon-fontawesome sow-fas\" data-sow-icon=\"&#xf0ad;\"\n\t\tstyle=\"font-size: 48px; color: #5dac57\" \n\t\taria-hidden=\"true\"><\/span>\t\t\t\t<\/div>\n\t\t\t\t\n\t\t\t\t<div class=\"textwidget\">\n\t\t\t\t\t\n\t\t\t\t\t\t\t\t\t\t\t<h5>\n\t\t\t\t\t\t\t\n\t\t\t\t\t\t\tTu fas la cobertura\t\t\t\t\t\t\t\t\t\t\t\t\t<\/h5>\n\t\t\t\t\t\n\t\t\t\t\t\t\t\t\t\t\t<div class=\"col-xs-12 col-md-4 feature-box\">\n<div class=\"hestia-info\">\n\nSi no tens cobertura d'Internet, no t'arriba amb tanta pot\u00e8ncia com voldries o pagues massa cada mes, nosaltres et donam solucions.\n\n<\/div>\n<\/div>\t\t\t\t\t\n\t\t\t\t\t\t\t\t\t<\/div>\n\t\t\t\t\t\t\t\t\n\t\t\t\t\t\t\t<\/div>\n\n\t\t\t\n<\/div>\n<\/div><\/div><\/div><\/div><\/div><\/div><\/div><\/div><\/div><\/div><\/div><\/div><div id=\"pg-135-3\"  class=\"panel-grid panel-has-style\" ><div class=\"panel-row-style panel-row-style-for-135-3\" ><div id=\"pgc-135-3-0\"  class=\"panel-grid-cell\" ><div id=\"panel-135-3-0-0\" class=\"so-panel widget widget_siteorigin-panels-builder panel-first-child panel-last-child\" data-index=\"3\" ><div id=\"about\" class=\"panel-widget-style panel-widget-style-for-135-3-0-0\" ><div id=\"pl-w60115072d235b\"  class=\"panel-layout\" ><div id=\"pg-w60115072d235b-0\"  class=\"panel-grid panel-no-style\" ><div id=\"pgc-w60115072d235b-0-0\"  class=\"panel-grid-cell\" ><div id=\"panel-w60115072d235b-0-0-0\" class=\"so-panel widget widget_sow-editor panel-first-child panel-last-child\" data-index=\"0\" ><div\n\t\t\t\n\t\t\tclass=\"so-widget-sow-editor so-widget-sow-editor-base\"\n\t\t\t\n\t\t>\n<div class=\"siteorigin-widget-tinymce textwidget\">\n\t<h1><span style=\"color: #ffffff;\">El projecte<\/span><\/h1>\n<p>Gotes.org impulsa un model anomenat\u00a0<a href=\"\/guifi-net-la-xarxa-lliure\/\"><strong>xarxa de comuns o Guifi.net<\/strong>.<\/a><a href=\"\/guifi-net-la-xarxa-lliure\/\"><img loading=\"lazy\" decoding=\"async\" class=\"size-medium wp-image-59 alignright\" src=\"http:\/\/localhost\/wp-content\/uploads\/2018\/07\/2015060808383885682-300x116.png\" alt=\"\" width=\"300\" height=\"116\" srcset=\"https:\/\/www.gotes.org\/wp-content\/uploads\/2018\/07\/2015060808383885682-300x116.png 300w, https:\/\/www.gotes.org\/wp-content\/uploads\/2018\/07\/2015060808383885682.png 350w\" sizes=\"(max-width: 300px) 100vw, 300px\" \/><\/a>\u00a0En aquest model, la infraestructura de xarxa<b>\u00a0\u00e9s de propietat mancomunada i de lliure \u00fas<\/b>\u00a0per a qualsevol persona o entitat.<\/p>\n<p>Gotes.org ofereix un\u00a0<b>servei d\u2019Internet\u00a0<\/b>per mantenir econ\u00f2micament aquest\u00a0projecte.<\/p>\n<\/div>\n<\/div><\/div><\/div><\/div><\/div><\/div><\/div><\/div><\/div><\/div><div id=\"pg-135-4\"  class=\"panel-grid panel-has-style\" ><div class=\"panel-row-style panel-row-style-for-135-4\" ><div id=\"pgc-135-4-0\"  class=\"panel-grid-cell\" ><div class=\"panel-cell-style panel-cell-style-for-135-4-0\" ><div id=\"panel-135-4-0-0\" class=\"so-panel widget widget_siteorigin-panels-builder panel-first-child panel-last-child\" data-index=\"4\" ><div id=\"team\" class=\"panel-widget-style panel-widget-style-for-135-4-0-0\" ><div id=\"pl-w5e0e4bd4a4289\"  class=\"panel-layout\" ><div id=\"pg-w5e0e4bd4a4289-0\"  class=\"panel-grid panel-has-style\" ><div class=\"panel-row-style panel-row-style-for-w5e0e4bd4a4289-0\" ><div id=\"pgc-w5e0e4bd4a4289-0-0\"  class=\"panel-grid-cell\" ><div class=\"panel-cell-style panel-cell-style-for-w5e0e4bd4a4289-0-0\" ><div id=\"panel-w5e0e4bd4a4289-0-0-0\" class=\"so-panel widget widget_sow-headline panel-first-child panel-last-child\" data-index=\"0\" ><div\n\t\t\t\n\t\t\tclass=\"so-widget-sow-headline so-widget-sow-headline-default-9e6310f335a5\"\n\t\t\t\n\t\t><div class=\"sow-headline-container \">\n\t\t\t\t\t\t\t<h1 class=\"sow-headline\">\n\t\t\t\t\t\tQui som?\t\t\t\t\t\t<\/h1>\n\t\t\t\t\t\t\t\t\t\t\t<div class=\"decoration\">\n\t\t\t\t\t\t<div class=\"decoration-inside\"><\/div>\n\t\t\t\t\t<\/div>\n\t\t\t\t\t\t\t\t\t\t\t<h3 class=\"sow-sub-headline\">\n\t\t\t\t\t\tGotes.org \u00e9s una cooperativa de treball sollerica i un operador d'Internet que treballa sobre xarxa de comuns.\t\t\t\t\t\t<\/h3>\n\t\t\t\t\t\t<\/div>\n<\/div><\/div><\/div><\/div><\/div><\/div><div id=\"pg-w5e0e4bd4a4289-1\"  class=\"panel-grid panel-no-style\" ><div id=\"pgc-w5e0e4bd4a4289-1-0\"  class=\"panel-grid-cell\" ><div id=\"panel-w5e0e4bd4a4289-1-0-0\" class=\"so-panel widget widget_sow-features panel-first-child panel-last-child\" data-index=\"1\" ><div class=\"panel-widget-style panel-widget-style-for-w5e0e4bd4a4289-1-0-0\" ><div\n\t\t\t\n\t\t\tclass=\"so-widget-sow-features so-widget-sow-features-default-aabb02b86565\"\n\t\t\t\n\t\t>\n<div class=\"sow-features-list sow-features-responsive\">\n\n\t\t\t\t\t\t\t\t\t<div\n\t\t\t\tclass=\"sow-features-feature sow-icon-container-position-top\"\n\t\t\t\tstyle=\"display: flex; flex-direction: column; width: calc(100% - 25px);\"\n\t\t\t>\n\t\t\t\n\t\t\t\t\t\t\t\t<div\n\t\t\t\t\tclass=\"sow-icon-container sow-container-sticker\"\n\t\t\t\t\tstyle=\"color: #ffffff; \"\n\t\t\t\t\ttitle=\"fa-balance-scale\"\t\t\t\t>\n\t\t\t\t\t<div class=\"sow-icon-image\" style=\"background-image: url(https:\/\/www.gotes.org\/wp-content\/uploads\/2020\/01\/pepllu.png); font-size: 280px\"><\/div>\t\t\t\t<\/div>\n\t\t\t\t\n\t\t\t\t<div class=\"textwidget\">\n\t\t\t\t\t\n\t\t\t\t\t\t\t\t\t\t\t<h5>\n\t\t\t\t\t\t\t\n\t\t\t\t\t\t\tPepllu Lucas\t\t\t\t\t\t\t\t\t\t\t\t\t<\/h5>\n\t\t\t\t\t\n\t\t\t\t\t\n\t\t\t\t\t\t\t\t\t<\/div>\n\t\t\t\t\t\t\t\t\n\t\t\t\t\t\t\t<\/div>\n\n\t\t\t\n<\/div>\n<\/div><\/div><\/div><\/div><div id=\"pgc-w5e0e4bd4a4289-1-1\"  class=\"panel-grid-cell\" ><div id=\"panel-w5e0e4bd4a4289-1-1-0\" class=\"so-panel widget widget_sow-features panel-first-child panel-last-child\" data-index=\"2\" ><div class=\"panel-widget-style panel-widget-style-for-w5e0e4bd4a4289-1-1-0\" ><div\n\t\t\t\n\t\t\tclass=\"so-widget-sow-features so-widget-sow-features-default-aabb02b86565\"\n\t\t\t\n\t\t>\n<div class=\"sow-features-list sow-features-responsive\">\n\n\t\t\t\t\t\t\t\t\t<div\n\t\t\t\tclass=\"sow-features-feature sow-icon-container-position-top\"\n\t\t\t\tstyle=\"display: flex; flex-direction: column; width: calc(100% - 25px);\"\n\t\t\t>\n\t\t\t\n\t\t\t\t\t\t\t\t<div\n\t\t\t\t\tclass=\"sow-icon-container sow-container-sticker\"\n\t\t\t\t\tstyle=\"color: #ffffff; \"\n\t\t\t\t\ttitle=\"fa-balance-scale\"\t\t\t\t>\n\t\t\t\t\t<div class=\"sow-icon-image\" style=\"background-image: url(https:\/\/www.gotes.org\/wp-content\/uploads\/2020\/01\/bartomeu.png); font-size: 280px\"><\/div>\t\t\t\t<\/div>\n\t\t\t\t\n\t\t\t\t<div class=\"textwidget\">\n\t\t\t\t\t\n\t\t\t\t\t\t\t\t\t\t\t<h5>\n\t\t\t\t\t\t\t\n\t\t\t\t\t\t\tBartomeu Mir\u00f3\t\t\t\t\t\t\t\t\t\t\t\t\t<\/h5>\n\t\t\t\t\t\n\t\t\t\t\t\n\t\t\t\t\t\t\t\t\t<\/div>\n\t\t\t\t\t\t\t\t\n\t\t\t\t\t\t\t<\/div>\n\n\t\t\t\n<\/div>\n<\/div><\/div><\/div><\/div><\/div><div id=\"pg-w5e0e4bd4a4289-2\"  class=\"panel-grid panel-no-style\" ><div id=\"pgc-w5e0e4bd4a4289-2-0\"  class=\"panel-grid-cell\" ><div id=\"panel-w5e0e4bd4a4289-2-0-0\" class=\"so-panel widget widget_sow-features panel-first-child panel-last-child\" data-index=\"3\" ><div class=\"panel-widget-style panel-widget-style-for-w5e0e4bd4a4289-2-0-0\" ><div\n\t\t\t\n\t\t\tclass=\"so-widget-sow-features so-widget-sow-features-default-aabb02b86565\"\n\t\t\t\n\t\t>\n<div class=\"sow-features-list sow-features-responsive\">\n\n\t\t\t\t\t\t\t\t\t<div\n\t\t\t\tclass=\"sow-features-feature sow-icon-container-position-top\"\n\t\t\t\tstyle=\"display: flex; flex-direction: column; width: calc(100% - 25px);\"\n\t\t\t>\n\t\t\t\n\t\t\t\t\t\t\t\t<div\n\t\t\t\t\tclass=\"sow-icon-container sow-container-none\"\n\t\t\t\t\tstyle=\"color: #0a0a0a; \"\n\t\t\t\t\ttitle=\"fa-balance-scale\"\t\t\t\t>\n\t\t\t\t\t<div class=\"sow-icon-image\" style=\"background-image: url(https:\/\/www.gotes.org\/wp-content\/uploads\/2020\/01\/joan.png); font-size: 280px\"><\/div>\t\t\t\t<\/div>\n\t\t\t\t\n\t\t\t\t<div class=\"textwidget\">\n\t\t\t\t\t\n\t\t\t\t\t\t\t\t\t\t\t<h5>\n\t\t\t\t\t\t\t\n\t\t\t\t\t\t\tJoan Francesc Arbona\t\t\t\t\t\t\t\t\t\t\t\t\t<\/h5>\n\t\t\t\t\t\n\t\t\t\t\t\n\t\t\t\t\t\t\t\t\t<\/div>\n\t\t\t\t\t\t\t\t\n\t\t\t\t\t\t\t<\/div>\n\n\t\t\t\n<\/div>\n<\/div><\/div><\/div><\/div><\/div><\/div><\/div><\/div><\/div><\/div><\/div><\/div><div id=\"pg-135-5\"  class=\"panel-grid panel-has-style\" ><div class=\"siteorigin-panels-stretch panel-row-style panel-row-style-for-135-5\" id=\"contact\" data-stretch-type=\"full-width-stretch\" ><div id=\"pgc-135-5-0\"  class=\"panel-grid-cell panel-grid-cell-empty\" ><\/div><div id=\"pgc-135-5-1\"  class=\"panel-grid-cell\" ><div class=\"panel-cell-style panel-cell-style-for-135-5-1\" ><div id=\"panel-135-5-1-0\" class=\"so-panel widget widget_siteorigin-panels-builder panel-first-child panel-last-child\" data-index=\"5\" ><div class=\"panel-widget-style panel-widget-style-for-135-5-1-0\" ><div id=\"pl-w5c48ed9396282\"  class=\"panel-layout\" ><div id=\"pg-w5c48ed9396282-0\"  class=\"panel-grid panel-no-style\" ><div id=\"pgc-w5c48ed9396282-0-0\"  class=\"panel-grid-cell\" ><div id=\"panel-w5c48ed9396282-0-0-0\" class=\"so-panel widget widget_sow-editor panel-first-child panel-last-child\" data-index=\"0\" ><div\n\t\t\t\n\t\t\tclass=\"so-widget-sow-editor so-widget-sow-editor-base\"\n\t\t\t\n\t\t>\n<div class=\"siteorigin-widget-tinymce textwidget\">\n\t<p><span style=\"font-size: xx-large;\"><strong>Estigueu en contacte<\/strong><\/span><\/p>\n<p><span style=\"font-size: x-large;\"><span style=\"color: #e3e3e3;\"><i class=\"fa fa-phone-square\"><\/i> +34 971 57 37 98 <\/span><\/span><br \/>\n<span style=\"font-size: x-large;\"><span style=\"color: #e3e3e3;\"><i class=\"fa fa-envelope\"><\/i> info@gotes.org <\/span><\/span><\/p>\n<\/div>\n<\/div><\/div><\/div><\/div><\/div><\/div><\/div><\/div><\/div><div id=\"pgc-135-5-2\"  class=\"panel-grid-cell panel-grid-cell-mobile-last\" ><\/div><div id=\"pgc-135-5-3\"  class=\"panel-grid-cell panel-grid-cell-empty\" ><\/div><\/div><\/div><\/div>","protected":false},"excerpt":{"rendered":"<p>Internet all\u00e0 on siguis Internet i Wifi a finques, olivars i cases rurals de la Vall de S\u00f3ller amb Guifi.net Tamb\u00e9 promovem projectes com Aire.net &nbsp; DONA&#8217;T D&#8217;ALTA &nbsp; Tarifa b\u00e0sica Internet rural a 15Mbps de baixada sense complicacions! Per nom\u00e9s 30\u20ac\/mes. (IVA incl\u00f2s) El preu de l&#8217;alta i l&#8217;instalaci\u00f3 dep\u00e9n al treball a realitzar.&hellip;<\/p>\n","protected":false},"author":1,"featured_media":0,"parent":0,"menu_order":0,"comment_status":"closed","ping_status":"closed","template":"","meta":{"_mi_skip_tracking":false,"footnotes":""},"_links":{"self":[{"href":"https:\/\/www.gotes.org\/index.php?rest_route=\/wp\/v2\/pages\/135"}],"collection":[{"href":"https:\/\/www.gotes.org\/index.php?rest_route=\/wp\/v2\/pages"}],"about":[{"href":"https:\/\/www.gotes.org\/index.php?rest_route=\/wp\/v2\/types\/page"}],"author":[{"embeddable":true,"href":"https:\/\/www.gotes.org\/index.php?rest_route=\/wp\/v2\/users\/1"}],"replies":[{"embeddable":true,"href":"https:\/\/www.gotes.org\/index.php?rest_route=%2Fwp%2Fv2%2Fcomments&post=135"}],"version-history":[{"count":30,"href":"https:\/\/www.gotes.org\/index.php?rest_route=\/wp\/v2\/pages\/135\/revisions"}],"predecessor-version":[{"id":490,"href":"https:\/\/www.gotes.org\/index.php?rest_route=\/wp\/v2\/pages\/135\/revisions\/490"}],"wp:attachment":[{"href":"https:\/\/www.gotes.org\/index.php?rest_route=%2Fwp%2Fv2%2Fmedia&parent=135"}],"curies":[{"name":"wp","href":"https:\/\/api.w.org\/{rel}","templated":true}]}}