{"id":494,"date":"2024-04-06T11:33:31","date_gmt":"2024-04-06T09:33:31","guid":{"rendered":"https:\/\/www.gotes.org\/?page_id=494"},"modified":"2024-04-06T12:03:21","modified_gmt":"2024-04-06T10:03:21","slug":"politica-de-privacidad-2","status":"publish","type":"page","link":"https:\/\/www.gotes.org\/?page_id=494&lang=en","title":{"rendered":"Pol\u00edtica de privacidad"},"content":{"rendered":"<h2>Quienes somos<\/h2>\n<p>Nuestra direcci\u00f3n web es: https:\/\/www.gotes.org.<\/p>\n<h4>Datos corporativas:<\/h4>\n<ul>\n<li><strong> Raz\u00f3n social: <\/strong> Gotes, S.COOP<\/li>\n<li><strong> Direcci\u00f3n fiscal: <\/strong> Alqueria des Comte, n\u00ba40 07100 S\u00f3ller (Islas Baleares)<\/li>\n<li><strong> NIF: <\/strong> F16521742<\/li>\n<li><strong> Tel\u00e9fono: <\/strong> +34 971 57 37 98<\/li>\n<li><strong> E-mail: <\/strong> info@gotes.org<\/li>\n<li><strong> Sociedad registrada en: <\/strong>\n<ul>\n<li>Registro de Cooperativas de las Islas Baleares<\/li>\n<li>Folio 847<\/li>\n<li>Asentamiento n1<\/li>\n<li>Clave 07BA<\/li>\n<li>N\u00famero 620<\/li>\n<\/ul>\n<\/li>\n<li><strong> Sociedad registrada en <i> Registro de Operadores de comunicaciones electr\u00f3nicas de la CNMC <\/i><\/strong>\n<ul>\n<li>Expediente RO \/ DTSA \/ 0480\/17 \/ notificaciones \/ GOTES S. COOP<\/li>\n<\/ul>\n<\/li>\n<\/ul>\n<p><a href=\"\/wp-content\/uploads\/2024\/04\/GOTES_SC_X3_MODELO_DE_SOLICITUD_DE_EJERCICIO_DE_DERECHOS_DEL_INTERESADO.pdf\">Enlla\u00e7 al model de sol\u00b7licitud d&#8217;exercici dels drets de l&#8217;interessat aqu\u00ed.<\/a><\/p>\n<h2><b style=\"color: initial;\">1. INFORMACI\u00d3N AL USUARIO\u00a0<\/b><\/h2>\n<p><b>\u00bfQui\u00e9n es el responsable del tratamiento de tus datos personales?\u00a0<\/b><\/p>\n<p><b>GOTES, S.COOP<\/b><span style=\"font-weight: 400;\">es el <\/span><b>responsable <\/b><span style=\"font-weight: 400;\">del tratamiento de los datos personales del <\/span><b>usuario <\/b><span style=\"font-weight: 400;\">y te informa de que estos datos ser\u00e1n tratados de conformidad con lo dispuesto en el Reglamento (UE) 2016\/679, de 27 de abril (GDPR), y la Ley Org\u00e1nica 3\/2018, de 5 de diciembre (LOPDGDD).\u00a0<\/span><\/p>\n<p><b>\u00bfQi\u00e9 tipolog\u00eda de datos te solicitamos y tratamos?\u00a0<\/b><\/p>\n<p><span style=\"font-weight: 400;\">Seg\u00fan el fomulario o modo de obtener tus datos, siempre le pedimos los m\u00ednimos necesarios para cumplir con los fines detallados en cada caso.\u00a0<\/span><\/p>\n<p><b>\u00bfPara qu\u00e9 tratamos tus datos personales y por qu\u00e9 lo hacemos?\u00a0<\/b><\/p>\n<p>En cumplimiento de lo establecido en la RGPD, le informamos que sus datos ser\u00e1n tratados en nuestros ficheros, con la finalidad del mantenimiento y cumplimiento de la relaci\u00f3n con nuestra entidad, incluyendo el env\u00edo de comunicaciones en el marco de la mencionada relaci\u00f3n.<\/p>\n<p>En cumplimiento de la RGPD puede ejercer sus derechos ARCO ante Gotes, S.COOP, con direcci\u00f3n a Alqueria des Comte n\u00ba40, 07100 &#8211; S\u00f3ller, adjuntando fotocopia de su DNI.<\/p>\n<p>El contenido de esta comunicaci\u00f3n, as\u00ed como el de toda la documentaci\u00f3n anexa, est\u00e1 sujeta al deber de secreto y va dirigida \u00fanicamente a su destinatario. En caso de que usted no fuera el destinatario, le rogamos que nos lo indique y no comunique su contenido a terceros, procediendo a su destrucci\u00f3n.<\/p>\n<p>El prestador de servicios de la sociedad de la informaci\u00f3n debe tener en cuenta que, adem\u00e1s de la informaci\u00f3n que facilite a los destinatarios del servicio a trav\u00e9s de su &#8220;Pol\u00edtica de Privacidad&#8221;, debe disponer de textos legales adicionales relativos a otras normativas de obligado cumplimiento, tales como, sin car\u00e1cter limitativo o excluyente, condiciones generales de la contrataci\u00f3n, propiedad intelectual e industrial, condiciones de utilizaci\u00f3n de la p\u00e1gina web y responsabilidades al respecto, o lo que la propia Ley 34\/2002, de 11 de julio, de Servicios de la Sociedad de la informaci\u00f3n y de comercio electr\u00f3nico pueda establecer en cualesquiera otros preceptos al margen de su art\u00edculo 10 o incluso completar la informaci\u00f3n que, en relaci\u00f3n al mismo, fuera necesaria.<\/p>\n<h3>Comentarios<\/h3>\n<p>Cuando los visitantes dejan comentarios en la web, recogemos los datos que se muestran en el formulario de contacto, as\u00ed como la direcci\u00f3n IP del visitante y la cadena del agente de usuario del navegador para ayudar a la detecci\u00f3n de mensajes basura.<\/p>\n<p>Una cadena anonimizada creada a partir del correo electr\u00f3nico (tambi\u00e9n nombrado un hash) puede proporcionarse el servicio Gravatar para ver si la ha usado. La pol\u00edtica de privacidad del servicio Gravatar est\u00e1 disponible aqu\u00ed: https:\/\/automattic.com\/privacy\/. Una vez aprobado el comentario, la imagen de su perfil es visible al p\u00fablico en el contexto del comentario.<\/p>\n<h3>Media<\/h3>\n<p>Si sube im\u00e1genes en el sitio web, debe evitar subir im\u00e1genes que incluyan datos de geolocalizaci\u00f3n (EXIF GPS) incrustadas. Los visitantes del sitio web pueden descargar y extraer cualquier informaci\u00f3n de las im\u00e1genes de la web.<\/p>\n<h3>Formularios de contacto<\/h3>\n<p>Si rellene un formular de contacto debe rellenar su nombre y su correo electr\u00f3nico para que Gotes, S.COOP podamos contactar con usted. Los datos de <strong> Ubicaci\u00f3n <\/strong> y cualquier otro dato que introduzca en el formulario ser\u00e1 utilizada para Gotes, S.COOP para ofrecerle un servicio adecuado a su localizaci\u00f3n.<\/p>\n<p>Esta informaci\u00f3n ser\u00e1 almacenada e incluida en varios ficheros mixtos denominados CliENTES Y \/ O PROVEEDORES \/ CONTABIliDAD. En cumplimiento de la RGPD puede ejercer sus derechos ARCO ante Gotes, S.COOP, con direcci\u00f3n a Alqueria des Comte n\u00ba40, 07100 &#8211; S\u00f3ller, adjuntando fotocopia de su DNI.<\/p>\n<h3>Cookies<\/h3>\n<p>Si deja un comentario en la p\u00e1gina web, puede optar por guardar el nombre, la direcci\u00f3n de correo electr\u00f3nico y la p\u00e1gina web en las galletas. Esto es para su comodidad para que no hay\u00e1is cumplimentar los datos de nuevo al hacer otro comentario. Estas galletas durar\u00e1n un a\u00f1o.<\/p>\n<p>Si tiene una cuenta y acceda en esta p\u00e1gina web, se definir\u00e1 una cookie temporal para determinar si el navegador acepta cookies. Esta cookie no contiene datos personales y se descartar\u00e1 al cerrar el navegador.<\/p>\n<p>Cuando inicie sesi\u00f3n, tambi\u00e9n configuradas varias galletas para guardar la informaci\u00f3n de inicio de sesi\u00f3n y las opciones de visualizaci\u00f3n de la pantalla. Las galeras de inicio de sesi\u00f3n duran dos d\u00edas, y las galletas de las opciones de pantalla duran un a\u00f1o. Si selecciona &#8220;Recordarme&#8221;, el inicio de sesi\u00f3n persistir\u00e1 durante dos semanas. Si finaliza la sesi\u00f3n, las cookies de inicio de sesi\u00f3n ser\u00e1n suprimidas.<\/p>\n<p>Si edita o publique un art\u00edculo, una galleta adicional se guardar\u00e1 en el navegador. Esta cookie no incluye datos personales y simplemente indica el identificador de la entrada que acaba de editar. Expira despu\u00e9s de 1 d\u00eda.<\/p>\n<h3>Contenido incrustado de otros sitios web<\/h3>\n<p>Los art\u00edculos en esta p\u00e1gina web incluye contenido integrado (por ejemplo, v\u00eddeos, im\u00e1genes, art\u00edculos, etc.). El contenido incrustado desde otras p\u00e1ginas web se comporta exactamente de la misma manera como si el visitante estuviera visitando la otra p\u00e1gina web.<\/p>\n<p>Estas p\u00e1ginas web pueden recoger datos sobre vos, usar cookies, incrustar seguimiento adicional de terceras partes, y monitorizar la interacci\u00f3n con el contenido integrado, incluyendo la traza de la interacci\u00f3n con el contenido incrustado si tiene una cuenta y est\u00e1 conectado en esta p\u00e1gina web.<\/p>\n<p><b>\u00bfDurante cu\u00e1nto tiempo guardaremos tus datos personales?\u00a0<\/b><\/p>\n<p><span style=\"font-weight: 400;\">Se conservar\u00e1n durante no m\u00e1s tiempo del necesario para mantener el fin del tratamiento o existan prescripciones legales que dictaminen su custodia y cuando ya no sea necesario para ello, se suprimir\u00e1n con medidas de seguridad adecuadas para garantizar la anonimizaci\u00f3n de los datos o la destrucci\u00f3n total de los mismos.\u00a0<\/span><\/p>\n<p><b>\u00bfA qui\u00e9n facilitamos sus datos personales?\u00a0<\/b><\/p>\n<p><span style=\"font-weight: 400;\">No est\u00e1 prevista ninguna comunicaci\u00f3n de datos personales a terceros salvo, si fuese necesario para el desarrollo y ejecuci\u00f3n de las finalidades del tratamiento, a nuestros proveedores de servicios relacionados con comunicaciones, con los cuales el <\/span><b>responsable <\/b><span style=\"font-weight: 400;\">tiene suscritos los contratos de confidencialidad y de encargado de tratamiento exigidos por la normativa vigente de privacidad.\u00a0<\/span><\/p>\n<p><b>\u00bfRealizamos transferencias internacionales?\u00a0<\/b><\/p>\n<p><span style=\"font-weight: 400;\">De conformidad con lo dispuesto en el art\u00edculo 44 del RGPD, la autorizaci\u00f3n de transferencia internacional de datos a un pa\u00eds que no ha sido declarado como pa\u00eds con un nivel adecuado de protecci\u00f3n solo podr\u00e1 otorgarse si se obtienen garant\u00edas suficientes. As\u00ed, podr\u00e1 otorgarse si el <\/span><b>responsable <\/b><span style=\"font-weight: 400;\">del tratamiento aporta un contrato escrito, celebrado entre el exportador y el importador de datos, en el que consten las garant\u00edas necesarias de respeto a la protecci\u00f3n de los interesados y se garantice el ejercicio de sus derechos.\u00a0<\/span><\/p>\n<p><span style=\"font-weight: 400;\">Es posible que el <\/span><b>responsable <\/b><span style=\"font-weight: 400;\">cuente con servicios de proveedores que tengan servidores o sedes en otros lugares y, por tanto, se efect\u00faen estas transferencias. Para consultar el listado actualizado de proveedores, consulte con el <\/span><b>responsable <\/b><span style=\"font-weight: 400;\">o trav\u00e9s de proveidors@gotes.org\u00a0<\/span><\/p>\n<p><b>\u00bfCu\u00e1les son sus derechos?\u00a0<\/b><\/p>\n<p><span style=\"font-weight: 400;\">Los derechos que asisten al <\/span><b>usuario <\/b><span style=\"font-weight: 400;\">son:<\/span><\/p>\n<ul>\n<li><span style=\"font-weight: 400;\">Derecho a retirar el consentimiento en cualquier momento.\u00a0<\/span><\/li>\n<li><span style=\"font-weight: 400;\">Derecho de acceso, rectificaci\u00f3n, portabilidad, supresi\u00f3n de sus datos, limitaci\u00f3n u oposici\u00f3n a su tratamiento.\u00a0<\/span><\/li>\n<li><span style=\"font-weight: 400;\">Derecho a presentar una reclamaci\u00f3n ante la autoridad de control (www.aepd.es) si considera que el tratamiento no se ajusta a la normativa vigente.<\/span><\/li>\n<\/ul>\n<p><b>Datos de contacto para ejercer sus derechos<\/b><span style=\"font-weight: 400;\">:\u00a0<\/span><\/p>\n<p><span style=\"font-weight: 400;\">GOTES S.C. C\/ Alquer\u00eda del Comte, 40 &#8211; 07100 S\u00f3ller (Illes Balears). E-mail: proveidors@gotes.org\u00a0<\/span><\/p>\n<ol start=\"2\">\n<li><b> CAR\u00c1CTER OBLIGATORIO O FACULTATIVO DE LA INFORMACI\u00d3N FACILITADA POR EL USUARIO\u00a0<\/b><\/li>\n<\/ol>\n<p><span style=\"font-weight: 400;\">Los <\/span><b>usuarios<\/b><span style=\"font-weight: 400;\">, mediante la marcaci\u00f3n de las casillas correspondientes y la entrada de datos en los campos, marcados con un asterisco (*) en el formulario de contacto o presentados en formularios de descarga, aceptan expresamente y de forma libre e inequ\u00edvoca, que sus datos son necesarios para atender su petici\u00f3n, por parte del prestador, siendo voluntaria la inclusi\u00f3n de datos en los campos restantes. El usuario garantiza que los datos personales facilitados al <\/span><b>responsable <\/b><span style=\"font-weight: 400;\">son veraces y se hace responsable de comunicar cualquier modificaci\u00f3n de los mismos.\u00a0<\/span><\/p>\n<p><span style=\"font-weight: 400;\">El <\/span><b>responsable <\/b><span style=\"font-weight: 400;\">informa de que todos los datos solicitados a trav\u00e9s del sitio web son obligatorios, ya que son necesarios para la prestaci\u00f3n de un servicio \u00f3ptimo al <\/span><b>usuario<\/b><span style=\"font-weight: 400;\">. En caso de que no se faciliten todos los datos, no se garantiza que la informaci\u00f3n y servicios facilitados sean completamente ajustados a sus necesidades.\u00a0<\/span><\/p>\n<p><span style=\"font-weight: 400;\">Si por alg\u00fan tipo de medio, nos facilita datos de car\u00e1cter perosnal de otras personas, el responsable advierte que deber\u00e1 hacerlo con su consentimiento y haber informado, con car\u00e1cter previo, de los extremos contenidos en esta Pol\u00edtica de Privacidad. Asimismo, el <\/span><b>responsable <\/b><span style=\"font-weight: 400;\">se compromete a facilitar a cualquier tercero cuyos datos nos facilite la informaci\u00f3n que resultase pertinente, de conformidad con lo dispuesto en el art\u00edculo 14 del Reglamento General.\u00a0<\/span><\/p>\n<ol start=\"3\">\n<li><b> MEDIDAS DE SEGURIDAD\u00a0<\/b><\/li>\n<\/ol>\n<p><span style=\"font-weight: 400;\">Que de conformidad con lo dispuesto en las normativas vigentes en protecci\u00f3n de datos personales, el <\/span><b>responsable <\/b><span style=\"font-weight: 400;\">est\u00e1 cumpliendo con todas las disposiciones de las normativas GDPR y LOPDGDD para el tratamiento de los datos personales de su responsabilidad, y manifiestamente con los principios descritos en el art\u00edculo 5 del GDPR, por los cuales son tratados de manera l\u00edcita, leal y transparente en relaci\u00f3n con el interesado y adecuados, pertinentes y limitados a lo necesario en relaci\u00f3n con los fines para los que son tratados.\u00a0<\/span><\/p>\n<p><span style=\"font-weight: 400;\">El <\/span><b>responsable <\/b><span style=\"font-weight: 400;\">garantiza que ha implementado pol\u00edticas t\u00e9cnicas y organizativas apropiadas para aplicar las medidas de seguridad que establecen el GDPR y la LOPDGDD con el fin de proteger los derechos y libertades de los <\/span><b>usuarios <\/b><span style=\"font-weight: 400;\">y les ha comunicado la informaci\u00f3n adecuada para que puedan ejercerlos.\u00a0<\/span><\/p>\n<p><span style=\"font-weight: 400;\">Para m\u00e1s informaci\u00f3n sobre las garant\u00edas de privacidad, puedes dirigirte al <\/span><b>responsable <\/b><span style=\"font-weight: 400;\">a trav\u00e9s de GOTES S.C. C\/ Alquer\u00eda del Comte, 40 &#8211; 07100 S\u00f3ller (Illes Balears). E-mail: proveidors@gotes.org\u00a0<\/span><\/p>\n<ol start=\"4\">\n<li><b> VIGENCIA\u00a0<\/b><\/li>\n<\/ol>\n<p><span style=\"font-weight: 400;\">Esta pol\u00edtica de privacidad est\u00e1 vigente desde el 04\/04\/2024\u00a0<\/span><\/p>\n<p><span style=\"font-weight: 400;\">El <\/span><b>responsable <\/b><span style=\"font-weight: 400;\">se reserva el derecho de modificar esta pol\u00edtica para adaptarla a futuras actualizaciones legislativas o jurisprudenciales que resulten de aplicaci\u00f3n, o por otros motivos t\u00e9cnicos, operativos, comerciales, corporativos, etc. Si a consecuencia de los cambios, se vieran afectados los derechos de los usuarios, el <\/span><b>responsable <\/b><span style=\"font-weight: 400;\">se compromete a informar sobre los motivos.<\/span><\/p>\n","protected":false},"excerpt":{"rendered":"<p>Quienes somos Nuestra direcci\u00f3n web es: https:\/\/www.gotes.org. Datos corporativas: Raz\u00f3n social: Gotes, S.COOP Direcci\u00f3n fiscal: Alqueria des Comte, n\u00ba40 07100 S\u00f3ller (Islas Baleares) NIF: F16521742 Tel\u00e9fono: +34 971 57 37 98 E-mail: info@gotes.org Sociedad registrada en: Registro de Cooperativas de las Islas Baleares Folio 847 Asentamiento n1 Clave 07BA N\u00famero 620 Sociedad registrada en Registro&hellip;<\/p>\n","protected":false},"author":1,"featured_media":0,"parent":0,"menu_order":0,"comment_status":"closed","ping_status":"closed","template":"","meta":{"_mi_skip_tracking":false,"footnotes":""},"_links":{"self":[{"href":"https:\/\/www.gotes.org\/index.php?rest_route=\/wp\/v2\/pages\/494"}],"collection":[{"href":"https:\/\/www.gotes.org\/index.php?rest_route=\/wp\/v2\/pages"}],"about":[{"href":"https:\/\/www.gotes.org\/index.php?rest_route=\/wp\/v2\/types\/page"}],"author":[{"embeddable":true,"href":"https:\/\/www.gotes.org\/index.php?rest_route=\/wp\/v2\/users\/1"}],"replies":[{"embeddable":true,"href":"https:\/\/www.gotes.org\/index.php?rest_route=%2Fwp%2Fv2%2Fcomments&post=494"}],"version-history":[{"count":2,"href":"https:\/\/www.gotes.org\/index.php?rest_route=\/wp\/v2\/pages\/494\/revisions"}],"predecessor-version":[{"id":525,"href":"https:\/\/www.gotes.org\/index.php?rest_route=\/wp\/v2\/pages\/494\/revisions\/525"}],"wp:attachment":[{"href":"https:\/\/www.gotes.org\/index.php?rest_route=%2Fwp%2Fv2%2Fmedia&parent=494"}],"curies":[{"name":"wp","href":"https:\/\/api.w.org\/{rel}","templated":true}]}}