{"id":507,"date":"2024-04-06T11:45:29","date_gmt":"2024-04-06T09:45:29","guid":{"rendered":"https:\/\/www.gotes.org\/?page_id=507"},"modified":"2024-04-06T11:46:56","modified_gmt":"2024-04-06T09:46:56","slug":"disclaimer-2","status":"publish","type":"page","link":"https:\/\/www.gotes.org\/?page_id=507&lang=en","title":{"rendered":"Disclaimer"},"content":{"rendered":"<p><span style=\"font-weight: 400;\">GOTES S.COOP, responsable del sitio web, en adelante <\/span><b>responsable<\/b><span style=\"font-weight: 400;\">, pone a disposici\u00f3n de los usuarios el presente documento, con el que pretende dar cumplimiento a las obligaciones dispuestas en la Ley 34\/2002, de 11 de julio, de Servicios de la Sociedad de la Informaci\u00f3n y de Comercio Electr\u00f3nico (LSSICE), BOE N \u00ba 166, as\u00ed como informar a todos los usuarios del sitio web respecto a cu\u00e1les son las condiciones de uso.\u00a0<\/span><\/p>\n<p><span style=\"font-weight: 400;\">Toda persona que acceda a este sitio web asume el papel de usuario, comprometi\u00e9ndose a la observancia y cumplimiento riguroso de las disposiciones aqu\u00ed dispuestas, as\u00ed como a cualquier otra disposici\u00f3n legal que fuera de aplicaci\u00f3n.\u00a0<\/span><\/p>\n<p><span style=\"font-weight: 400;\">GOTES S.COOP se reserva el derecho de modificar cualquier tipo de informaci\u00f3n que pudiera aparecer en el sitio web, sin que exista obligaci\u00f3n de preavisar o poner en conocimiento de los usuarios dichas obligaciones, entendi\u00e9ndose como suficiente con la publicaci\u00f3n en el sitio web de GOTES S.COOP.\u00a0<\/span><\/p>\n<ol>\n<li><b> DATOS IDENTIFICATIVOS\u00a0<\/b><\/li>\n<\/ol>\n<p><span style=\"font-weight: 400;\">Nombre de dominio: www.gotes.org\/es\/\u00a0<\/span><\/p>\n<p><span style=\"font-weight: 400;\">Nombre comercial: GOTES.ORG\u00a0<\/span><\/p>\n<p><span style=\"font-weight: 400;\">Denominaci\u00f3n social: GOTES S.COOP\u00a0<\/span><\/p>\n<p><span style=\"font-weight: 400;\">NIF: F16521742\u00a0<\/span><\/p>\n<p><span style=\"font-weight: 400;\">Domicilio social: C\/ Alquer\u00eda del Comte, 40 &#8211; 07100 S\u00f3ller (Illes Balears)\u00a0<\/span><\/p>\n<p><span style=\"font-weight: 400;\">Tel\u00e9fono: 971573798 <\/span><\/p>\n<p><span style=\"font-weight: 400;\">e-mail: info@gotes.org\u00a0<\/span><\/p>\n<ul>\n<li><strong>Sociedad registrada en:<\/strong>\n<ul>\n<li>Registro de Cooperativas de las Islas Baleares<\/li>\n<li>Folio 847<\/li>\n<li>Asentamiento n1<\/li>\n<li>Clave 07BA<\/li>\n<li>N\u00famero 620<\/li>\n<\/ul>\n<\/li>\n<li><strong>Sociedad registrada en\u00a0<i>Registro de Operadores de comunicaciones electr\u00f3nicas de la CNMC<\/i><\/strong>\n<ul>\n<li>Expediente RO \/ DTSA \/ 0480\/17 \/ notificaciones \/ GOTAS S. COOP<\/li>\n<\/ul>\n<\/li>\n<\/ul>\n<ol start=\"2\">\n<li><b> OBJETO\u00a0<\/b><\/li>\n<\/ol>\n<p><span style=\"font-weight: 400;\">A Trav\u00e9s de este sitio web, se le ofrece a los usuarios la posibilidad de acceder a la informaci\u00f3n de los servicios ofrecidos por el responsable.\u00a0<\/span><\/p>\n<ol start=\"3\">\n<li><b> DERECHOS DE PROPIEDAD INTELECTUAL E INDUSTRIAL\u00a0<\/b><\/li>\n<\/ol>\n<p><span style=\"font-weight: 400;\">El sitio web, incluyendo a t\u00edtulo enunciativo, pero no limitativo su programaci\u00f3n, edici\u00f3n, compilaci\u00f3n y dem\u00e1s elementos necesarios para su funcionamiento, los dise\u00f1os, logotipos, texto y\/o gr\u00e1ficos, son propiedad del responsable o, si es el caso, dispone de licencia o autorizaci\u00f3n expresa por parte de los autores o de los que ostenten sus derechos de explotaci\u00f3n. Todos los contenidos del sitio web se encuentran debidamente protegidos por la normativa de propiedad intelectual e industrial, as\u00ed como inscritos en los registros p\u00fablicos correspondientes.\u00a0<\/span><\/p>\n<p><span style=\"font-weight: 400;\">Independientemente de la finalidad para la que fueran destinados, la reproducci\u00f3n total o parcial, uso, explotaci\u00f3n, distribuci\u00f3n y comercializaci\u00f3n, requiere en todo caso de la autorizaci\u00f3n escrita previa por parte del responsable.\u00a0<\/span><\/p>\n<p><span style=\"font-weight: 400;\">Cualquier uso no autorizado previamente se considera un incumplimiento grave de los derechos de propiedad intelectual o industrial del autor.\u00a0<\/span><\/p>\n<p><span style=\"font-weight: 400;\">Los dise\u00f1os, logotipos, texto y\/o gr\u00e1ficos ajenos al <\/span><b>responsable <\/b><span style=\"font-weight: 400;\">y que pudieran aparecer en el sitio web, pertenecen a sus respectivos propietarios, siendo ellos mismos responsables de cualquier posible controversia que pudiera suscitarse respecto a los mismos. El <\/span><b>responsable <\/b><span style=\"font-weight: 400;\">autoriza expresamente a que terceros puedan redirigir directamente a los contenidos concretos del sitio web, y en todo caso redirigir al sitio web principal de www.gotes.org\/es\/.\u00a0<\/span><\/p>\n<p><span style=\"font-weight: 400;\">El <\/span><b>responsable <\/b><span style=\"font-weight: 400;\">reconoce a favor de sus titulares los correspondientes derechos de propiedad intelectual e industrial, no implicando<\/span><\/p>\n<p><b>GOTES S.COOP\u00a0\u00a0<\/b><\/p>\n<p><span style=\"font-weight: 400;\">GOTES S.COOP\u00a0<\/span><\/p>\n<p><span style=\"font-weight: 400;\">su sola menci\u00f3n o aparici\u00f3n en el sitio web la existencia de derechos o responsabilidad alguna sobre los mismos, como tampoco respaldo, patrocinio o recomendaci\u00f3n por parte del mismo.\u00a0<\/span><\/p>\n<p><span style=\"font-weight: 400;\">Para realizar cualquier tipo de observaci\u00f3n respecto a posibles incumplimientos de los derechos de propiedad intelectual o industrial, as\u00ed como sobre cualquiera de los contenidos del sitio web, puede hacerlo a trav\u00e9s del correo electr\u00f3nico proveidors@gotes.org.\u00a0<\/span><\/p>\n<ol start=\"4\">\n<li><b> OBLIGACIONES Y RESPONSABILIDADES DEL USUARIO\u00a0<\/b><\/li>\n<\/ol>\n<p><span style=\"font-weight: 400;\">Por el uso del sitio web, el <\/span><b>usuario <\/b><span style=\"font-weight: 400;\">manifiesta que es mayor de dieciocho a\u00f1os. Para hacer uso del sitio web los menores de edad deben obtener previamente permiso de sus padres, tutores o representantes legales, quienes ser\u00e1n considerados responsables de todos los actos realizados por los menores a su cargo.\u00a0<\/span><\/p>\n<p><span style=\"font-weight: 400;\">El <\/span><b>usuario <\/b><span style=\"font-weight: 400;\">se obliga, con car\u00e1cter general, a utilizar el sitio web y los servicios vinculados al mismo, de forma diligente, de conformidad con la ley, la moral, el orden p\u00fablico y lo dispuesto en estas condiciones generales y en las particulares que sean de aplicaci\u00f3n, debiendo, asimismo, abstenerse de utilizarlos en cualquier forma que pueda impedir el normal funcionamiento y disfrute por parte de los usuarios del Sitio Web y de los servicios vinculados al mismo, o que pudiera lesionar o causar da\u00f1os a los bienes y derechos de los titulares del sitio web, de sus proveedores, usuarios o, en general, de cualquier tercero.\u00a0<\/span><\/p>\n<p><span style=\"font-weight: 400;\">El <\/span><b>usuario<\/b><span style=\"font-weight: 400;\">, en la utilizaci\u00f3n del sitio web y de los servicios vinculados al mismo, se obliga a:\u00a0<\/span><\/p>\n<ol>\n<li><span style=\"font-weight: 400;\"> No introducir, almacenar o difundir mediante el sitio web o a trav\u00e9s de cualquiera de los servicios vinculados al mismo, ning\u00fan programa de ordenador, dato, virus, c\u00f3digo, o cualquier otro instrumento o dispositivo electr\u00f3nico que sea susceptible de causar da\u00f1os en el sitio web, en cualquiera de los servicios vinculados al mismo o en cualesquiera equipos, sistemas o redes de los titulares del sitio web, de cualquier usuario, de sus proveedores o en general de cualquier tercero, o que de otra forma sea capaz de causarles cualquier tipo de alteraci\u00f3n o impedir el normal funcionamiento del mismo.\u00a0<\/span><\/li>\n<li><span style=\"font-weight: 400;\"> No utilizar identidades falsas, ni suplantar la identidad de otros en la utilizaci\u00f3n del sitio web o de cualquiera de los servicios vinculados al mismo.\u00a0<\/span><\/li>\n<li><span style=\"font-weight: 400;\"> No destruir, alterar, inutilizar o da\u00f1ar los datos, informaciones, programas o documentos electr\u00f3nicos de los titulares del sitio web, de sus proveedores o de terceros.\u00a0<\/span><\/li>\n<li><span style=\"font-weight: 400;\"> No introducir, o difundir cualquier informaci\u00f3n que fuera difamatoria, injuriosa, obscena, amenazadora, xen\u00f3foba, incite a la violencia, que incite a la discriminaci\u00f3n por razones de sexo, raza, ideolog\u00eda o religi\u00f3n o que de cualquier forma atente contra la moral, el orden p\u00fablico, los derechos fundamentales, las libertades p\u00fablicas, el honor, la intimidad o la imagen de terceros y, en general, la normativa vigente.\u00a0<\/span><\/li>\n<\/ol>\n<p><span style=\"font-weight: 400;\">En el caso de que cualquier usuario considere que existen hechos o circunstancias que revelen el car\u00e1cter il\u00edcito de la utilizaci\u00f3n de cualquier contenido y\/o de la realizaci\u00f3n de cualquier actividad en el sitio web o accesibles a trav\u00e9s del mismo, deber\u00e1 enviar una notificaci\u00f3n a los titulares del sitio web dirigiendo un e-mail a <\/span><span style=\"font-weight: 400;\">dpo@grupox3.es<\/span><span style=\"font-weight: 400;\">\u00a0<\/span><\/p>\n<p><span style=\"font-weight: 400;\">El <\/span><b>responsable <\/b><span style=\"font-weight: 400;\">se exime de cualquier tipo de responsabilidad derivada de la informaci\u00f3n publicada en su sitio web siempre que esta informaci\u00f3n haya sido manipulada o introducida por un tercero ajeno al mismo.\u00a0<\/span><\/p>\n<ol start=\"5\">\n<li><b> OBLIGACIONES Y RESPONSABILIDADES DEL SITIO WEB\u00a0<\/b><\/li>\n<\/ol>\n<p><span style=\"font-weight: 400;\">No se garantiza el acceso continuado, ni la correcta visualizaci\u00f3n, descarga o utilidad de los elementos e informaciones contenidas<\/span> <span style=\"font-weight: 400;\">en la web que puedan verse impedidos, dificultados o interrumpidos por factores o circunstancias que est\u00e1n fuera de su control. No<\/span> <span style=\"font-weight: 400;\">se hace responsable de las decisiones que pudieran adoptarse como consecuencia del acceso a los contenidos o informaciones<\/span> <span style=\"font-weight: 400;\">ofrecidas.<\/span><\/p>\n<p><b>GOTES S.COOP\u00a0\u00a0<\/b><\/p>\n<p><span style=\"font-weight: 400;\">GOTES S.COOP\u00a0<\/span><\/p>\n<p><span style=\"font-weight: 400;\">Se podr\u00e1 interrumpir el servicio, o resolver de modo inmediato la relaci\u00f3n con el <\/span><b>usuario<\/b><span style=\"font-weight: 400;\">, si se detecta que un uso de su espacio<\/span> <span style=\"font-weight: 400;\">web, o de cualquiera de los servicios ofertados en el mismo, es contrario a las presentes Condiciones Generales de Uso. El<\/span> <span style=\"font-weight: 400;\">responsable no responder\u00e1 ante da\u00f1os, perjuicios, p\u00e9rdidas, reclamaciones o gastos derivados del uso del espacio web.<\/span><span style=\"font-weight: 400;\">\u00a0<\/span><\/p>\n<p><span style=\"font-weight: 400;\">\u00danicamente ser\u00e1 responsable de eliminar, lo antes posible, los contenidos que puedan generar tales perjuicios, siempre que as\u00ed se<\/span> <span style=\"font-weight: 400;\">notifique. En especial no seremos responsables de los perjuicios que se pudieran derivar, entre otros, de:<\/span><span style=\"font-weight: 400;\">\u00a0<\/span><\/p>\n<p><span style=\"font-weight: 400;\">1.Interferencias, interrupciones, fallos, omisiones, aver\u00edas telef\u00f3nicas, retrasos, bloqueos o desconexiones en el funcionamiento del<\/span> <span style=\"font-weight: 400;\">sistema electr\u00f3nico, motivadas por deficiencias, sobrecargas y errores en las l\u00edneas y redes de telecomunicaciones, o por cualquier<\/span> <span style=\"font-weight: 400;\">otra causa ajena al control de la empresa.<\/span><span style=\"font-weight: 400;\">\u00a0<\/span><\/p>\n<p><span style=\"font-weight: 400;\">2.Intromisiones ileg\u00edtimas mediante el uso de programas malignos de cualquier tipo y a trav\u00e9s de cualquier medio de comunicaci\u00f3n,<\/span> <span style=\"font-weight: 400;\">tales como virus inform\u00e1ticos o cualesquiera otros.<\/span><span style=\"font-weight: 400;\">\u00a0<\/span><\/p>\n<p><span style=\"font-weight: 400;\">3.Abuso indebido o inadecuado del espacio web.<\/span><span style=\"font-weight: 400;\">\u00a0<\/span><\/p>\n<p><span style=\"font-weight: 400;\">4.Errores de seguridad o navegaci\u00f3n producidos por un mal funcionamiento del navegador o por el uso de versiones no<\/span> <span style=\"font-weight: 400;\">actualizadas del mismo. El administrador del espacio web se reservan el derecho de retirar, total o parcialmente, cualquier<\/span> <span style=\"font-weight: 400;\">contenido o informaci\u00f3n presente en el espacio web.<\/span><span style=\"font-weight: 400;\">\u00a0<\/span><\/p>\n<p><span style=\"font-weight: 400;\">La empresa excluye cualquier responsabilidad por los da\u00f1os y perjuicios de toda naturaleza que pudieran deberse a la mala<\/span> <span style=\"font-weight: 400;\">utilizaci\u00f3n de los servicios de libre disposici\u00f3n y uso por parte de los Usuarios de espacio web. Asimismo, queda exonerado de<\/span> <span style=\"font-weight: 400;\">cualquier responsabilidad por el contenido e informaciones que puedan ser recibidas como consecuencia de los formularios de<\/span> <span style=\"font-weight: 400;\">recogida de datos, estando los mismos \u00fanicamente para la prestaci\u00f3n de los servicios de consultas y dudas. Por otro lado, en caso<\/span> <span style=\"font-weight: 400;\">de causar da\u00f1os y perjuicios por un uso il\u00edcito o incorrecto de dichos servicios, podr\u00e1 ser el Usuario reclamado por los da\u00f1os o<\/span> <span style=\"font-weight: 400;\">perjuicios causados.<\/span><span style=\"font-weight: 400;\">\u00a0<\/span><\/p>\n<p><span style=\"font-weight: 400;\">Usted mantendr\u00e1 a la empresa indemne frente a cualesquiera da\u00f1os y perjuicios que se deriven de reclamaciones, acciones o<\/span> <span style=\"font-weight: 400;\">demandas de terceros como consecuencia de su acceso o uso del espacio web. Asimismo, usted se obliga a indemnizar frente a<\/span> <span style=\"font-weight: 400;\">cualesquiera da\u00f1os y perjuicios, que se deriven del uso por su parte de robots, spiders, crawlers o herramientas similares<\/span> <span style=\"font-weight: 400;\">empleadas con el fin de recabar o extraer datos o de cualquier otra actuaci\u00f3n por su parte que imponga una carga irrazonable<\/span> <span style=\"font-weight: 400;\">sobre el funcionamiento del Espacio Web.<\/span><span style=\"font-weight: 400;\">\u00a0<\/span><\/p>\n<ol start=\"6\">\n<li><b> Direcciones IP\u00a0<\/b><\/li>\n<\/ol>\n<p><span style=\"font-weight: 400;\">Los servidores del sitio web podr\u00e1n detectar de manera autom\u00e1tica la direcci\u00f3n IP y el nombre de dominio utilizados por el usuario. Una direcci\u00f3n IP es un n\u00famero asignado autom\u00e1ticamente a un ordenador cuando \u00e9ste se conecta a Internet. Toda esta informaci\u00f3n es registrada en un fichero de actividad del servidor debidamente inscrito que permite el posterior procesamiento de los datos con el fin de obtener mediciones \u00fanicamente estad\u00edsticas que permitan conocer el n\u00famero de impresiones de p\u00e1ginas, el n\u00famero de visitas realizadas a los servidores web, el orden de visitas, el punto de acceso, etc.\u00a0<\/span><\/p>\n<ol start=\"7\">\n<li><b> LEY APLICABLE Y JURISDICCI\u00d3N\u00a0<\/b><\/li>\n<\/ol>\n<p><span style=\"font-weight: 400;\">Para la resoluci\u00f3n de todas las controversias o cuestiones relacionadas con el presente sitio web o de las actividades en \u00e9l desarrolladas, ser\u00e1 de aplicaci\u00f3n la legislaci\u00f3n espa\u00f1ola.<\/span><\/p>\n","protected":false},"excerpt":{"rendered":"<p>GOTES S.COOP, responsable del sitio web, en adelante responsable, pone a disposici\u00f3n de los usuarios el presente documento, con el que pretende dar cumplimiento a las obligaciones dispuestas en la Ley 34\/2002, de 11 de julio, de Servicios de la Sociedad de la Informaci\u00f3n y de Comercio Electr\u00f3nico (LSSICE), BOE N \u00ba 166, as\u00ed como&hellip;<\/p>\n","protected":false},"author":1,"featured_media":0,"parent":0,"menu_order":0,"comment_status":"closed","ping_status":"closed","template":"","meta":{"_mi_skip_tracking":false,"footnotes":""},"_links":{"self":[{"href":"https:\/\/www.gotes.org\/index.php?rest_route=\/wp\/v2\/pages\/507"}],"collection":[{"href":"https:\/\/www.gotes.org\/index.php?rest_route=\/wp\/v2\/pages"}],"about":[{"href":"https:\/\/www.gotes.org\/index.php?rest_route=\/wp\/v2\/types\/page"}],"author":[{"embeddable":true,"href":"https:\/\/www.gotes.org\/index.php?rest_route=\/wp\/v2\/users\/1"}],"replies":[{"embeddable":true,"href":"https:\/\/www.gotes.org\/index.php?rest_route=%2Fwp%2Fv2%2Fcomments&post=507"}],"version-history":[{"count":4,"href":"https:\/\/www.gotes.org\/index.php?rest_route=\/wp\/v2\/pages\/507\/revisions"}],"predecessor-version":[{"id":512,"href":"https:\/\/www.gotes.org\/index.php?rest_route=\/wp\/v2\/pages\/507\/revisions\/512"}],"wp:attachment":[{"href":"https:\/\/www.gotes.org\/index.php?rest_route=%2Fwp%2Fv2%2Fmedia&parent=507"}],"curies":[{"name":"wp","href":"https:\/\/api.w.org\/{rel}","templated":true}]}}